{"id":2346,"date":"2026-01-22T05:47:42","date_gmt":"2026-01-22T05:47:42","guid":{"rendered":"https:\/\/tefloncapital.com\/?page_id=2346"},"modified":"2026-01-22T06:12:23","modified_gmt":"2026-01-22T06:12:23","slug":"terms-conditions","status":"publish","type":"page","link":"https:\/\/tefloncapital.com\/en\/terms-conditions\/","title":{"rendered":"Terms and Condition"},"content":{"rendered":"<div data-elementor-type=\"wp-page\" data-elementor-id=\"2346\" class=\"elementor elementor-2346\">\n\t\t\t\t<div class=\"elementor-element elementor-element-872ddc7 e-flex e-con-boxed e-con e-parent\" data-id=\"872ddc7\" data-element_type=\"container\" data-settings=\"{&quot;jet_parallax_layout_list&quot;:[]}\">\n\t\t\t\t\t<div class=\"e-con-inner\">\n\t\t<div class=\"elementor-element elementor-element-88c19f3 e-con-full e-flex e-con e-child\" data-id=\"88c19f3\" data-element_type=\"container\" data-settings=\"{&quot;jet_parallax_layout_list&quot;:[]}\">\n\t\t\t\t<div class=\"elementor-element elementor-element-7fc91aa elementor-widget elementor-widget-heading\" data-id=\"7fc91aa\" data-element_type=\"widget\" data-widget_type=\"heading.default\">\n\t\t\t\t<div class=\"elementor-widget-container\">\n\t\t\t<h1 class=\"elementor-heading-title elementor-size-default\">TERMS &amp; CONDITIONS- Teflon capital\n<\/h1>\t\t<\/div>\n\t\t\t\t<\/div>\n\t\t\t\t<div class=\"elementor-element elementor-element-01db5be elementor-widget elementor-widget-text-editor\" data-id=\"01db5be\" data-element_type=\"widget\" data-widget_type=\"text-editor.default\">\n\t\t\t\t<div class=\"elementor-widget-container translation-block\"><strong>Terms &amp; Conditions<\/strong><br><br>\n\n<strong>Business Identity<\/strong><br><br>\n\n<strong>Teflon Capital<\/strong><br><br>\n\n<strong>Business Description<\/strong><br><br>\n\n<strong>Teflon Capital provides clients with service updates, appointment reminders, and account-related notifications via SMS when users choose to opt in.<\/strong><br><br>\n\n<strong>SMS Opt-Out<\/strong><br><br>\n\n<strong>You can cancel the SMS service at any time. Just text \"STOP\" to the phone number from which you received the message. After you send the SMS message \"STOP\" to us, we will send you an SMS message to confirm that you have been unsubscribed. After this, you will no longer receive SMS messages from us. If you want to join again, simply sign up as you did the first time and we will start sending SMS messages to you again.<\/strong><br><br>\n\n<strong>Support<\/strong><br><br>\n\n<strong>If you are experiencing issues with the messaging program, you can reply with the keyword HELP for more assistance, or you can get help directly at:<\/strong><br><br>\n\n<strong><a href=\"mailto:support@tefloncapital.com\" target=\"_blank\">support@tefloncapital.com<\/a><\/strong><br><br>\n\n<strong>Carrier Liability<\/strong><br><br>\n\n<strong>Carriers are not liable for delayed or undelivered messages.<\/strong><br><br>\n\n<strong>Message Frequency and Rates<\/strong><br><br>\n\n<strong>Message and data rates may apply for any messages sent to you from us and to us from you.<\/strong><br><br>\n\n<strong>Message frequency may vary.<\/strong><br><br>\n\n<strong>If you have questions about your text or data plan, it is best to contact your wireless provider.<\/strong><br><br>\n\n<strong>Privacy Policy<\/strong><br><br>\n\n<strong>If you have questions regarding privacy, please read our Privacy Policy:<\/strong><br><br>\n\n<strong><a href=\"https:\/\/tefloncapital.com\/privacy-policy\/\">https:\/\/tefloncapital.com\/privacy-policy<\/a><\/strong><\/div>\n\t\t\t\t<\/div>\n\t\t\t\t<\/div>\n\t\t\t\t\t<\/div>\n\t\t\t\t<\/div>\n\t\t\t\t<\/div>","protected":false},"excerpt":{"rendered":"<p>Politique de confidentialit\u00e9 \u2014T\u00e9flon Capital Conditions g\u00e9n\u00e9rales Identit\u00e9 d&rsquo;entreprise Chapiteau en t\u00e9flon Description de l&rsquo;entreprise Teflon Capital fournit aux clients des mises \u00e0 jour de service, des rappels de rendez-vous et des notifications li\u00e9es au compte par SMS lorsque les utilisateurs choisissent de s&rsquo;inscrire. D\u00e9sinscription des SMS Vous pouvez annuler le service SMS \u00e0 tout [&hellip;]<\/p>","protected":false},"author":1,"featured_media":0,"parent":0,"menu_order":0,"comment_status":"closed","ping_status":"closed","template":"","meta":{"footnotes":""},"class_list":["post-2346","page","type-page","status-publish","hentry"],"yoast_head":"<!-- This site is optimized with the Yoast SEO plugin v24.3 - https:\/\/yoast.com\/wordpress\/plugins\/seo\/ -->\n<title>Terms and Condition - Teflon Capital<\/title>\n<meta name=\"robots\" content=\"index, follow, max-snippet:-1, max-image-preview:large, max-video-preview:-1\" \/>\n<link rel=\"canonical\" href=\"https:\/\/tefloncapital.com\/en\/terms-conditions\/\" \/>\n<meta property=\"og:locale\" content=\"en_US\" \/>\n<meta property=\"og:type\" content=\"article\" \/>\n<meta property=\"og:title\" content=\"Terms and Condition - Teflon Capital\" \/>\n<meta property=\"og:description\" content=\"Politique de confidentialit\u00e9 \u2014T\u00e9flon Capital Conditions g\u00e9n\u00e9rales Identit\u00e9 d&rsquo;entreprise Chapiteau en t\u00e9flon Description de l&rsquo;entreprise Teflon Capital fournit aux clients des mises \u00e0 jour de service, des rappels de rendez-vous et des notifications li\u00e9es au compte par SMS lorsque les utilisateurs choisissent de s&rsquo;inscrire. D\u00e9sinscription des SMS Vous pouvez annuler le service SMS \u00e0 tout [&hellip;]\" \/>\n<meta property=\"og:url\" content=\"https:\/\/tefloncapital.com\/en\/terms-conditions\/\" \/>\n<meta property=\"og:site_name\" content=\"Teflon Capital\" \/>\n<meta property=\"article:publisher\" content=\"https:\/\/www.facebook.com\/tefloncapital\" \/>\n<meta property=\"article:modified_time\" content=\"2026-01-22T06:12:23+00:00\" \/>\n<meta name=\"twitter:card\" content=\"summary_large_image\" \/>\n<meta name=\"twitter:site\" content=\"@TeflonCapital\" \/>\n<meta name=\"twitter:label1\" content=\"Est. reading time\" \/>\n\t<meta name=\"twitter:data1\" content=\"2 minutes\" \/>\n<script type=\"application\/ld+json\" class=\"yoast-schema-graph\">{\"@context\":\"https:\/\/schema.org\",\"@graph\":[{\"@type\":\"WebPage\",\"@id\":\"https:\/\/tefloncapital.com\/terms-conditions\/\",\"url\":\"https:\/\/tefloncapital.com\/terms-conditions\/\",\"name\":\"Terms and Condition - Teflon Capital\",\"isPartOf\":{\"@id\":\"https:\/\/tefloncapital.com\/#website\"},\"datePublished\":\"2026-01-22T05:47:42+00:00\",\"dateModified\":\"2026-01-22T06:12:23+00:00\",\"breadcrumb\":{\"@id\":\"https:\/\/tefloncapital.com\/terms-conditions\/#breadcrumb\"},\"inLanguage\":\"en-US\",\"potentialAction\":[{\"@type\":\"ReadAction\",\"target\":[\"https:\/\/tefloncapital.com\/terms-conditions\/\"]}]},{\"@type\":\"BreadcrumbList\",\"@id\":\"https:\/\/tefloncapital.com\/terms-conditions\/#breadcrumb\",\"itemListElement\":[{\"@type\":\"ListItem\",\"position\":1,\"name\":\"Home\",\"item\":\"https:\/\/tefloncapital.com\/\"},{\"@type\":\"ListItem\",\"position\":2,\"name\":\"Terms and Condition\"}]},{\"@type\":\"WebSite\",\"@id\":\"https:\/\/tefloncapital.com\/#website\",\"url\":\"https:\/\/tefloncapital.com\/\",\"name\":\"Teflon Capital\",\"description\":\"\",\"publisher\":{\"@id\":\"https:\/\/tefloncapital.com\/#organization\"},\"potentialAction\":[{\"@type\":\"SearchAction\",\"target\":{\"@type\":\"EntryPoint\",\"urlTemplate\":\"https:\/\/tefloncapital.com\/?s={search_term_string}\"},\"query-input\":{\"@type\":\"PropertyValueSpecification\",\"valueRequired\":true,\"valueName\":\"search_term_string\"}}],\"inLanguage\":\"en-US\"},{\"@type\":\"Organization\",\"@id\":\"https:\/\/tefloncapital.com\/#organization\",\"name\":\"Teflon Capital\",\"url\":\"https:\/\/tefloncapital.com\/\",\"logo\":{\"@type\":\"ImageObject\",\"inLanguage\":\"en-US\",\"@id\":\"https:\/\/tefloncapital.com\/#\/schema\/logo\/image\/\",\"url\":\"https:\/\/tefloncapital.com\/wp-content\/uploads\/2024\/09\/cropped-TEFLON-CAPITAL-LONG.png\",\"contentUrl\":\"https:\/\/tefloncapital.com\/wp-content\/uploads\/2024\/09\/cropped-TEFLON-CAPITAL-LONG.png\",\"width\":2437,\"height\":957,\"caption\":\"Teflon Capital\"},\"image\":{\"@id\":\"https:\/\/tefloncapital.com\/#\/schema\/logo\/image\/\"},\"sameAs\":[\"https:\/\/www.facebook.com\/tefloncapital\",\"https:\/\/x.com\/TeflonCapital\"]}]}<\/script>\n<!-- \/ Yoast SEO plugin. -->","yoast_head_json":{"title":"Terms and Condition - Teflon Capital","robots":{"index":"index","follow":"follow","max-snippet":"max-snippet:-1","max-image-preview":"max-image-preview:large","max-video-preview":"max-video-preview:-1"},"canonical":"https:\/\/tefloncapital.com\/en\/terms-conditions\/","og_locale":"en_US","og_type":"article","og_title":"Terms and Condition - Teflon Capital","og_description":"Politique de confidentialit\u00e9 \u2014T\u00e9flon Capital Conditions g\u00e9n\u00e9rales Identit\u00e9 d&rsquo;entreprise Chapiteau en t\u00e9flon Description de l&rsquo;entreprise Teflon Capital fournit aux clients des mises \u00e0 jour de service, des rappels de rendez-vous et des notifications li\u00e9es au compte par SMS lorsque les utilisateurs choisissent de s&rsquo;inscrire. D\u00e9sinscription des SMS Vous pouvez annuler le service SMS \u00e0 tout [&hellip;]","og_url":"https:\/\/tefloncapital.com\/en\/terms-conditions\/","og_site_name":"Teflon Capital","article_publisher":"https:\/\/www.facebook.com\/tefloncapital","article_modified_time":"2026-01-22T06:12:23+00:00","twitter_card":"summary_large_image","twitter_site":"@TeflonCapital","twitter_misc":{"Est. reading time":"2 minutes"},"schema":{"@context":"https:\/\/schema.org","@graph":[{"@type":"WebPage","@id":"https:\/\/tefloncapital.com\/terms-conditions\/","url":"https:\/\/tefloncapital.com\/terms-conditions\/","name":"Terms and Condition - Teflon Capital","isPartOf":{"@id":"https:\/\/tefloncapital.com\/#website"},"datePublished":"2026-01-22T05:47:42+00:00","dateModified":"2026-01-22T06:12:23+00:00","breadcrumb":{"@id":"https:\/\/tefloncapital.com\/terms-conditions\/#breadcrumb"},"inLanguage":"en-US","potentialAction":[{"@type":"ReadAction","target":["https:\/\/tefloncapital.com\/terms-conditions\/"]}]},{"@type":"BreadcrumbList","@id":"https:\/\/tefloncapital.com\/terms-conditions\/#breadcrumb","itemListElement":[{"@type":"ListItem","position":1,"name":"Home","item":"https:\/\/tefloncapital.com\/"},{"@type":"ListItem","position":2,"name":"Terms and Condition"}]},{"@type":"WebSite","@id":"https:\/\/tefloncapital.com\/#website","url":"https:\/\/tefloncapital.com\/","name":"Teflon Capital","description":"","publisher":{"@id":"https:\/\/tefloncapital.com\/#organization"},"potentialAction":[{"@type":"SearchAction","target":{"@type":"EntryPoint","urlTemplate":"https:\/\/tefloncapital.com\/?s={search_term_string}"},"query-input":{"@type":"PropertyValueSpecification","valueRequired":true,"valueName":"search_term_string"}}],"inLanguage":"en-US"},{"@type":"Organization","@id":"https:\/\/tefloncapital.com\/#organization","name":"Teflon Capital","url":"https:\/\/tefloncapital.com\/","logo":{"@type":"ImageObject","inLanguage":"en-US","@id":"https:\/\/tefloncapital.com\/#\/schema\/logo\/image\/","url":"https:\/\/tefloncapital.com\/wp-content\/uploads\/2024\/09\/cropped-TEFLON-CAPITAL-LONG.png","contentUrl":"https:\/\/tefloncapital.com\/wp-content\/uploads\/2024\/09\/cropped-TEFLON-CAPITAL-LONG.png","width":2437,"height":957,"caption":"Teflon Capital"},"image":{"@id":"https:\/\/tefloncapital.com\/#\/schema\/logo\/image\/"},"sameAs":["https:\/\/www.facebook.com\/tefloncapital","https:\/\/x.com\/TeflonCapital"]}]}},"_links":{"self":[{"href":"https:\/\/tefloncapital.com\/en\/wp-json\/wp\/v2\/pages\/2346","targetHints":{"allow":["GET"]}}],"collection":[{"href":"https:\/\/tefloncapital.com\/en\/wp-json\/wp\/v2\/pages"}],"about":[{"href":"https:\/\/tefloncapital.com\/en\/wp-json\/wp\/v2\/types\/page"}],"author":[{"embeddable":true,"href":"https:\/\/tefloncapital.com\/en\/wp-json\/wp\/v2\/users\/1"}],"replies":[{"embeddable":true,"href":"https:\/\/tefloncapital.com\/en\/wp-json\/wp\/v2\/comments?post=2346"}],"version-history":[{"count":8,"href":"https:\/\/tefloncapital.com\/en\/wp-json\/wp\/v2\/pages\/2346\/revisions"}],"predecessor-version":[{"id":2357,"href":"https:\/\/tefloncapital.com\/en\/wp-json\/wp\/v2\/pages\/2346\/revisions\/2357"}],"wp:attachment":[{"href":"https:\/\/tefloncapital.com\/en\/wp-json\/wp\/v2\/media?parent=2346"}],"curies":[{"name":"wp","href":"https:\/\/api.w.org\/{rel}","templated":true}]}}